{"id":3142,"date":"2025-11-07T11:04:28","date_gmt":"2025-11-07T14:04:28","guid":{"rendered":"https:\/\/www.ncoop.com.ar\/?page_id=3142"},"modified":"2025-11-07T12:21:49","modified_gmt":"2025-11-07T15:21:49","slug":"solicitud-pack-futbol","status":"publish","type":"page","link":"https:\/\/www.ncoop.com.ar\/index.php\/solicitud-pack-futbol\/","title":{"rendered":"Solicitud Pack F\u00fatbol"},"content":{"rendered":"<section class=\"wpb-content-wrapper\"><p>[vc_row][vc_column]<div class=\"boc_spacing \" style=\"height: 30px\"><\/div>[\/vc_column][\/vc_row][vc_row][vc_column width=&#8221;3\/4&#8243;][vc_column_text]<\/p>\n<p style=\"text-align: center;\"><span style=\"font-size: 21px;\">\ud83d\udcfa Record\u00e1 que el <strong>Pack F\u00fatbol solo puede activarse si ya ten\u00e9s nuestro servicio de TV<\/strong>.<\/span><br data-start=\"646\" data-end=\"649\" \/><span style=\"font-size: 21px;\">Si todav\u00eda no lo ten\u00e9s, <strong>conoc\u00e9 los planes disponibles<\/strong>.\u00a0<\/span><\/p>\n<p>[\/vc_column_text][\/vc_column][vc_column width=&#8221;1\/4&#8243;]<div class=\"boc_spacing \" style=\"height: 5px\"><\/div>[vc_single_image img_size=&#8221;medium&#8221; onclick=&#8221;custom_link&#8221; image=&#8221;3164&#8243; el_class=&#8221;img-rounded-25 zoom-hover&#8221; link=&#8221;https:\/\/www.ncoop.com.ar\/index.php\/tv\/&#8221;][\/vc_column][\/vc_row][vc_row][vc_column]\n<div class=\"wpcf7 no-js\" id=\"wpcf7-f3156-o1\" lang=\"es-AR\" dir=\"ltr\" data-wpcf7-id=\"3156\">\n<div class=\"screen-reader-response\"><p role=\"status\" aria-live=\"polite\" aria-atomic=\"true\"><\/p> <ul><\/ul><\/div>\n<form action=\"\/index.php\/wp-json\/wp\/v2\/pages\/3142#wpcf7-f3156-o1\" method=\"post\" class=\"wpcf7-form init\" aria-label=\"Formulario de contacto\" novalidate=\"novalidate\" data-status=\"init\">\n<fieldset class=\"hidden-fields-container\"><input type=\"hidden\" name=\"_wpcf7\" value=\"3156\" \/><input type=\"hidden\" name=\"_wpcf7_version\" value=\"6.1.5\" \/><input type=\"hidden\" name=\"_wpcf7_locale\" value=\"es_AR\" \/><input type=\"hidden\" name=\"_wpcf7_unit_tag\" value=\"wpcf7-f3156-o1\" \/><input type=\"hidden\" name=\"_wpcf7_container_post\" value=\"0\" \/><input type=\"hidden\" name=\"_wpcf7_posted_data_hash\" value=\"\" \/><input type=\"hidden\" name=\"_wpcf7cf_hidden_group_fields\" value=\"[]\" \/><input type=\"hidden\" name=\"_wpcf7cf_hidden_groups\" value=\"[]\" \/><input type=\"hidden\" name=\"_wpcf7cf_visible_groups\" value=\"[]\" \/><input type=\"hidden\" name=\"_wpcf7cf_repeaters\" value=\"[]\" \/><input type=\"hidden\" name=\"_wpcf7cf_steps\" value=\"{}\" \/><input type=\"hidden\" name=\"_wpcf7cf_options\" value=\"{&quot;form_id&quot;:3156,&quot;conditions&quot;:[],&quot;settings&quot;:{&quot;animation&quot;:&quot;yes&quot;,&quot;animation_intime&quot;:200,&quot;animation_outtime&quot;:200,&quot;conditions_ui&quot;:&quot;normal&quot;,&quot;notice_dismissed&quot;:false}}\" \/><input type=\"hidden\" name=\"_wpcf7_recaptcha_response\" value=\"\" \/>\n<\/fieldset>\n<p><label> Nombre y Apellido<br \/>\n<span class=\"wpcf7-form-control-wrap\" data-name=\"your-name\"><input size=\"40\" maxlength=\"400\" class=\"wpcf7-form-control wpcf7-text wpcf7-validates-as-required\" aria-required=\"true\" aria-invalid=\"false\" value=\"\" type=\"text\" name=\"your-name\" \/><\/span> <\/label>\n<\/p>\n<p><label> N\u00famero de Documento<br \/>\n<span class=\"wpcf7-form-control-wrap\" data-name=\"text-763\"><input size=\"40\" maxlength=\"400\" class=\"wpcf7-form-control wpcf7-text wpcf7-validates-as-required\" aria-required=\"true\" aria-invalid=\"false\" value=\"\" type=\"text\" name=\"text-763\" \/><\/span> <\/label>\n<\/p>\n<p><label> Direcci\u00f3n<br \/>\n<span class=\"wpcf7-form-control-wrap\" data-name=\"text-627\"><input size=\"40\" maxlength=\"400\" class=\"wpcf7-form-control wpcf7-text wpcf7-validates-as-required\" aria-required=\"true\" aria-invalid=\"false\" value=\"\" type=\"text\" name=\"text-627\" \/><\/span> <\/label>\n<\/p>\n<p><label> Localidad<br \/>\n<span class=\"wpcf7-form-control-wrap\" data-name=\"radio-919\"><span class=\"wpcf7-form-control wpcf7-radio\"><span class=\"wpcf7-list-item first\"><input type=\"radio\" name=\"radio-919\" value=\"SANTA TRINIDAD\" checked=\"checked\" \/><span class=\"wpcf7-list-item-label\">SANTA TRINIDAD<\/span><\/span><span class=\"wpcf7-list-item\"><input type=\"radio\" name=\"radio-919\" value=\"SAN JOS\u00c9\" \/><span class=\"wpcf7-list-item-label\">SAN JOS\u00c9<\/span><\/span><span class=\"wpcf7-list-item\"><input type=\"radio\" name=\"radio-919\" value=\"SANTA MAR\u00cdA\" \/><span class=\"wpcf7-list-item-label\">SANTA MAR\u00cdA<\/span><\/span><span class=\"wpcf7-list-item last\"><input type=\"radio\" name=\"radio-919\" value=\"ZONA RURAL\" \/><span class=\"wpcf7-list-item-label\">ZONA RURAL<\/span><\/span><\/span><\/span> <\/label>\n<\/p>\n<h3>\ud83d\udcf1 Datos de contacto\n<\/h3>\n<p><label> Tel\u00e9fono:<br \/>\n<span class=\"wpcf7-form-control-wrap\" data-name=\"tel-20\"><input size=\"40\" maxlength=\"400\" class=\"wpcf7-form-control wpcf7-tel wpcf7-validates-as-required wpcf7-text wpcf7-validates-as-tel\" aria-required=\"true\" aria-invalid=\"false\" value=\"\" type=\"tel\" name=\"tel-20\" \/><\/span> <\/label>\n<\/p>\n<p><label> Correo electr\u00f3nico:<br \/>\n<span class=\"wpcf7-form-control-wrap\" data-name=\"your-email\"><input size=\"40\" maxlength=\"400\" class=\"wpcf7-form-control wpcf7-email wpcf7-validates-as-required wpcf7-text wpcf7-validates-as-email\" aria-required=\"true\" aria-invalid=\"false\" value=\"\" type=\"email\" name=\"your-email\" \/><\/span> <\/label>\n<\/p>\n<p><label> Comentarios o aclaraciones:<br \/>\n<span class=\"wpcf7-form-control-wrap\" data-name=\"your-message\"><textarea cols=\"40\" rows=\"10\" maxlength=\"2000\" class=\"wpcf7-form-control wpcf7-textarea\" aria-invalid=\"false\" name=\"your-message\"><\/textarea><\/span> <\/label>\n<\/p>\n<h3> *La primera factura incluir\u00e1 el mes en curso m\u00e1s el importe proporcional correspondiente a los d\u00edas de servicio prestado del mes anterior, contados desde la fecha de activaci\u00f3n.*\n<\/h3>\n\n<p><input class=\"wpcf7-form-control wpcf7-submit has-spinner\" type=\"submit\" value=\"Enviar\" \/>\n<\/p><input type='hidden' class='wpcf7-pum' value='{\"closepopup\":false,\"closedelay\":0,\"openpopup\":false,\"openpopup_id\":0}' \/><div class=\"wpcf7-response-output\" aria-hidden=\"true\"><\/div>\n<\/form>\n<\/div>\n[\/vc_column][\/vc_row]<\/p>\n<\/section>","protected":false},"excerpt":{"rendered":"<p>[vc_row][vc_column][\/vc_column][\/vc_row][vc_row][vc_column width=&#8221;3\/4&#8243;][vc_column_text] \ud83d\udcfa Record\u00e1 que el Pack F\u00fatbol solo puede activarse si ya ten\u00e9s nuestro servicio de TV.Si todav\u00eda no lo ten\u00e9s, conoc\u00e9 los planes disponibles.\u00a0 [\/vc_column_text][\/vc_column][vc_column width=&#8221;1\/4&#8243;][vc_single_image img_size=&#8221;medium&#8221; onclick=&#8221;custom_link&#8221; image=&#8221;3164&#8243; el_class=&#8221;img-rounded-25 zoom-hover&#8221; link=&#8221;https:\/\/www.ncoop.com.ar\/index.php\/tv\/&#8221;][\/vc_column][\/vc_row][vc_row][vc_column][\/vc_column][\/vc_row]<\/p>\n","protected":false},"author":1,"featured_media":0,"parent":0,"menu_order":0,"comment_status":"closed","ping_status":"closed","template":"","meta":{"footnotes":""},"class_list":["post-3142","page","type-page","status-publish","hentry"],"_links":{"self":[{"href":"https:\/\/www.ncoop.com.ar\/index.php\/wp-json\/wp\/v2\/pages\/3142","targetHints":{"allow":["GET"]}}],"collection":[{"href":"https:\/\/www.ncoop.com.ar\/index.php\/wp-json\/wp\/v2\/pages"}],"about":[{"href":"https:\/\/www.ncoop.com.ar\/index.php\/wp-json\/wp\/v2\/types\/page"}],"author":[{"embeddable":true,"href":"https:\/\/www.ncoop.com.ar\/index.php\/wp-json\/wp\/v2\/users\/1"}],"replies":[{"embeddable":true,"href":"https:\/\/www.ncoop.com.ar\/index.php\/wp-json\/wp\/v2\/comments?post=3142"}],"version-history":[{"count":17,"href":"https:\/\/www.ncoop.com.ar\/index.php\/wp-json\/wp\/v2\/pages\/3142\/revisions"}],"predecessor-version":[{"id":3165,"href":"https:\/\/www.ncoop.com.ar\/index.php\/wp-json\/wp\/v2\/pages\/3142\/revisions\/3165"}],"wp:attachment":[{"href":"https:\/\/www.ncoop.com.ar\/index.php\/wp-json\/wp\/v2\/media?parent=3142"}],"curies":[{"name":"wp","href":"https:\/\/api.w.org\/{rel}","templated":true}]}}