{"id":1665,"date":"2020-09-18T11:15:45","date_gmt":"2020-09-18T14:15:45","guid":{"rendered":"https:\/\/www.ncoop.com.ar\/?page_id=1665"},"modified":"2025-07-25T13:25:52","modified_gmt":"2025-07-25T16:25:52","slug":"universal","status":"publish","type":"page","link":"https:\/\/www.ncoop.com.ar\/index.php\/universal\/","title":{"rendered":"Universal"},"content":{"rendered":"<section class=\"wpb-content-wrapper\"><p>[vc_row][vc_column]<div class=\"boc_spacing \" style=\"height: 20px\"><\/div>[\/vc_column][\/vc_row][vc_row][vc_column parallax=&#8221;content-moving&#8221; width=&#8221;1\/4&#8243;][vc_single_image img_size=&#8221;medium&#8221; image=&#8221;2697&#8243;][\/vc_column][vc_column width=&#8221;3\/4&#8243;]<div class=\"text_box  box_no_bgr \"><div class=\"text_box_content \"><h2>Pack Universal+<\/h2>\n\t\t\t\t\t<p><\/p>\n<p style=\"text-align: justify;\"><span style=\"font-family: verdana, geneva, sans-serif;\">Con el paquete Universal+ podes disfrutar de 6 se\u00f1ales en HD a trav\u00e9s de las cuales podes ver el mejor contenido premium con las mejores pel\u00edculas y series.\u00a0<\/span><\/p>\n<p><\/p>\n\t\t\t\t<\/div><\/div>[\/vc_column][\/vc_row][vc_row][vc_column]<div class=\"logo_gallery \"><div class=\"grid_holder  small_spacing\" id=\"img_gallery_4371e181387e7ca67f17482e51d6ca71\"><div class=\"col span_1_of_4 info_item isotope_element \">\n\t\t\t\t\t\t\t<div class=\"pic  img_hover_effect2\">\n\t\t\t\t\t\t<a href=\"javascript:void(0)\" style=\"cursor: default;\" >\n\t\t\t\t\t\t\t<img decoding=\"async\" src=\"https:\/\/www.ncoop.com.ar\/wp-content\/uploads\/2022\/05\/Universal-Premiere.png\" alt=\"\"\/>\n\t\t\t\t\t\t<\/a><\/div>\n\t\t\t\t\t<\/div><div class=\"col span_1_of_4 info_item isotope_element \">\n\t\t\t\t\t\t\t<div class=\"pic  img_hover_effect2\">\n\t\t\t\t\t\t<a href=\"javascript:void(0)\" style=\"cursor: default;\" >\n\t\t\t\t\t\t\t<img decoding=\"async\" src=\"https:\/\/www.ncoop.com.ar\/wp-content\/uploads\/2022\/05\/Universal-Crime.png\" alt=\"\"\/>\n\t\t\t\t\t\t<\/a><\/div>\n\t\t\t\t\t<\/div><div class=\"col span_1_of_4 info_item isotope_element \">\n\t\t\t\t\t\t\t<div class=\"pic  img_hover_effect2\">\n\t\t\t\t\t\t<a href=\"javascript:void(0)\" style=\"cursor: default;\" >\n\t\t\t\t\t\t\t<img decoding=\"async\" src=\"https:\/\/www.ncoop.com.ar\/wp-content\/uploads\/2022\/05\/Universal-Reality.png\" alt=\"\"\/>\n\t\t\t\t\t\t<\/a><\/div>\n\t\t\t\t\t<\/div><div class=\"col span_1_of_4 info_item isotope_element \">\n\t\t\t\t\t\t\t<div class=\"pic  img_hover_effect2\">\n\t\t\t\t\t\t<a href=\"javascript:void(0)\" style=\"cursor: default;\" >\n\t\t\t\t\t\t\t<img decoding=\"async\" src=\"https:\/\/www.ncoop.com.ar\/wp-content\/uploads\/2022\/05\/Universal-Comedy.png\" alt=\"\"\/>\n\t\t\t\t\t\t<\/a><\/div>\n\t\t\t\t\t<\/div><div class=\"col span_1_of_4 info_item isotope_element \">\n\t\t\t\t\t\t\t<div class=\"pic  img_hover_effect2\">\n\t\t\t\t\t\t<a href=\"javascript:void(0)\" style=\"cursor: default;\" >\n\t\t\t\t\t\t\t<img decoding=\"async\" src=\"https:\/\/www.ncoop.com.ar\/wp-content\/uploads\/2022\/05\/Universal-Cinema.png\" alt=\"\"\/>\n\t\t\t\t\t\t<\/a><\/div>\n\t\t\t\t\t<\/div><div class=\"col span_1_of_4 info_item isotope_element \">\n\t\t\t\t\t\t\t<div class=\"pic  img_hover_effect2\">\n\t\t\t\t\t\t<a href=\"javascript:void(0)\" style=\"cursor: default;\" >\n\t\t\t\t\t\t\t<img decoding=\"async\" src=\"https:\/\/www.ncoop.com.ar\/wp-content\/uploads\/2025\/07\/universal-tv-Photoroom.png\" alt=\"\"\/>\n\t\t\t\t\t\t<\/a><\/div>\n\t\t\t\t\t<\/div><\/div><\/div><div class=\"boc_spacing \" style=\"height: 20px\"><\/div>[\/vc_column][\/vc_row][vc_row][vc_column width=&#8221;5\/6&#8243;][vc_column_text]<\/p>\n<p style=\"text-align: center;\"><span style=\"font-size: 18pt;\"><strong><em><span style=\"font-family: verdana, geneva, sans-serif;\">\u00a1\u00a1Contrata el pack ahora y empeza a disfrutar del mejor contenido premium en calidad HD!!<\/span><\/em><\/strong><\/span><\/p>\n<p>[\/vc_column_text][\/vc_column][vc_column width=&#8221;1\/6&#8243;]<a\thref=\"https:\/\/www.ncoop.com.ar\/index.php\/solicitud-de-servicio\/\" \n\t\t\t\tclass=\"button btn_large btn_blue btn_rounded btn_3d icon_pos_before btn_icon_anim_in  \"  target='_blank'> <i class='icon icon-check-circle'><\/i> <span>\u00a1Lo quiero!<\/span><\/a>[\/vc_column][\/vc_row][vc_row][vc_column]<div class=\"boc_divider_holder\"><div class=\"boc_divider  \"  style=\"margin-top: 20px;margin-bottom: 20px;height: 1px;background: #eeeeee;\"><\/div><\/div><div class=\"boc_heading  al_left  \"  style=\"margin-bottom: 20px;margin-top: 0px;color: #333333;\"><span><strong>Tu programacion favorita con Universal+<\/strong><\/span><\/div><div class=\"img_carousel_holder  has_dots\">\t<div class=\"img_carousel mfp_gallery\" id=\"img_carousel_7777\" style=\"opacity:0;\"><div class=\"img_carousel_item boc_owl_lazy\">\t<div class=\"pic  img_hover_effect2\">\n\t\t\t\t\t\t\t\t<a href=\"javascript:void(0)\" class=\"\"  target=\"_self\">\n\t\t\t\t\t\t\t\t\t<img decoding=\"async\" src=\"https:\/\/www.ncoop.com.ar\/wp-content\/uploads\/2025\/07\/la-ley-y-el-orden-universal1-1.png\" alt=\"\" \/>\n\t\t\t\t\t\t\t\t<\/a>\n\t\t\t\t\t\t\t<\/div>\n\t\t\t\t\t\t<\/div><div class=\"img_carousel_item boc_owl_lazy\">\t<div class=\"pic  img_hover_effect2\">\n\t\t\t\t\t\t\t\t<a href=\"javascript:void(0)\" class=\"\"  target=\"_self\">\n\t\t\t\t\t\t\t\t\t<img decoding=\"async\" src=\"https:\/\/www.ncoop.com.ar\/wp-content\/uploads\/2025\/07\/FROM-universal.jpg\" alt=\"\" \/>\n\t\t\t\t\t\t\t\t<\/a>\n\t\t\t\t\t\t\t<\/div>\n\t\t\t\t\t\t<\/div><div class=\"img_carousel_item boc_owl_lazy\">\t<div class=\"pic  img_hover_effect2\">\n\t\t\t\t\t\t\t\t<a href=\"javascript:void(0)\" class=\"\"  target=\"_self\">\n\t\t\t\t\t\t\t\t\t<img decoding=\"async\" src=\"https:\/\/www.ncoop.com.ar\/wp-content\/uploads\/2025\/07\/despicable-me-universal1.png\" alt=\"\" \/>\n\t\t\t\t\t\t\t\t<\/a>\n\t\t\t\t\t\t\t<\/div>\n\t\t\t\t\t\t<\/div><div class=\"img_carousel_item boc_owl_lazy\">\t<div class=\"pic  img_hover_effect2\">\n\t\t\t\t\t\t\t\t<a href=\"javascript:void(0)\" class=\"\"  target=\"_self\">\n\t\t\t\t\t\t\t\t\t<img decoding=\"async\" src=\"https:\/\/www.ncoop.com.ar\/wp-content\/uploads\/2025\/07\/jurassicworldrebirth.png\" alt=\"\" \/>\n\t\t\t\t\t\t\t\t<\/a>\n\t\t\t\t\t\t\t<\/div>\n\t\t\t\t\t\t<\/div><div class=\"img_carousel_item boc_owl_lazy\">\t<div class=\"pic  img_hover_effect2\">\n\t\t\t\t\t\t\t\t<a href=\"javascript:void(0)\" class=\"\"  target=\"_self\">\n\t\t\t\t\t\t\t\t\t<img decoding=\"async\" src=\"https:\/\/www.ncoop.com.ar\/wp-content\/uploads\/2025\/07\/fbi-most-wanted-universal1.png\" alt=\"\" \/>\n\t\t\t\t\t\t\t\t<\/a>\n\t\t\t\t\t\t\t<\/div>\n\t\t\t\t\t\t<\/div><div class=\"img_carousel_item boc_owl_lazy\">\t<div class=\"pic  img_hover_effect2\">\n\t\t\t\t\t\t\t\t<a href=\"javascript:void(0)\" class=\"\"  target=\"_self\">\n\t\t\t\t\t\t\t\t\t<img decoding=\"async\" src=\"https:\/\/www.ncoop.com.ar\/wp-content\/uploads\/2025\/07\/the-traitors-universal1.png\" alt=\"\" \/>\n\t\t\t\t\t\t\t\t<\/a>\n\t\t\t\t\t\t\t<\/div>\n\t\t\t\t\t\t<\/div><div class=\"img_carousel_item boc_owl_lazy\">\t<div class=\"pic  img_hover_effect2\">\n\t\t\t\t\t\t\t\t<a href=\"javascript:void(0)\" class=\"\"  target=\"_self\">\n\t\t\t\t\t\t\t\t\t<img decoding=\"async\" src=\"https:\/\/www.ncoop.com.ar\/wp-content\/uploads\/2025\/07\/chicago-fire-universal1.png\" alt=\"\" \/>\n\t\t\t\t\t\t\t\t<\/a>\n\t\t\t\t\t\t\t<\/div>\n\t\t\t\t\t\t<\/div><\/div>\n\t\t\t\t <\/div>\n\t\t\t\t\t<!-- Image Slider -->\n\t\t\t\t\t<script type=\"text\/javascript\">\n\n\t\t\t\t\t\tjQuery(document).ready(function($) {\n\t\t\t\t\t\t\t\n\t\t\t\t\t\t\tvar carousel = jQuery(\"#img_carousel_7777\");\n\t\t\t\t\t\t\t\n\t\t\t\t\t\t\tvar args = {\n\t\t\t\t\t\t\t\t\titems: \t\t\t\t5,\n\t\t\t\t\t\t\t\t\tslideBy: \t\t\t1,\t\t\t\t\t\t\n\t\t\t\t\t\t\t\t\tautoplay:\t\t\ttrue,\n\t\t\t\t\t\t\t\t\tautoplayTimeout:\t6000,\n\t\t\t\t\t\t\t\t\tnav: \t\t\t\ttrue,\n\t\t\t\t\t\t\t\t\tdots: \t\t\t\ttrue,\n\t\t\t\t\t\t\t\t\tloop: \t\t\t\ttrue,\n\t\t\t\t\t\t\t\t\tsmartSpeed:\t\t\t1000,\n\t\t\t\t\t\t\t\t\tnavText:\t\t\t[\"<span class='icon icon-arrow-left7'><\/span>\",\"<span class='icon icon-arrow-right7'><\/span>\"],\n\t\t\t\t\t\t\t\t\tnavRewind: \t\t\tfalse,\n\t\t\t\t\t\t\t\t\trtl : \t\t\t\tfalse,\n\t\t\t\t\t\t\t\t\tmargin: \t\t\t25,\n\t\t\t\t\t\t\t\t\tresponsive:{\n\t\t\t\t\t\t\t\t\t\t0:{\n\t\t\t\t\t\t\t\t\t\t  items:1,\n\t\t\t\t\t\t\t\t\t\t},\n\t\t\t\t\t\t\t\t\t\t480:{\n\t\t\t\t\t\t\t\t\t\t  items:1,\n\t\t\t\t\t\t\t\t\t\t  margin:20,\n\t\t\t\t\t\t\t\t\t\t},\n\t\t\t\t\t\t\t\t\t\t769:{\n\t\t\t\t\t\t\t\t\t\t  items:5\n\t\t\t\t\t\t\t\t\t\t}\n\t\t\t\t\t\t\t\t\t},\n\t\t\t\t\t\t\t\t\tonInitialized: showCarousel_7777\n\t\t\t\t\t\t\t};\n\t\t\t\t\t\t\t\n\t\t\t\t\t\t\tcarousel.owlCarousel(args);\n\n\t\t\t\t\t\t\tvar initital_width = carousel.css(\"width\");\t\t\n\t\t\t\t\t\t\t\t\n\t\t\t\t\t\t\t\/* Refresh it for full width rows *\/\n\t\t\t\t\t\t\t$(window).load(function(){\n\t\t\t\t\t\t\t\tif(carousel.css(\"width\") != initital_width) {\n\t\t\t\t\t\t\t\t\tcarousel.trigger(\"destroy.owl.carousel\").removeClass(\"owl-carousel owl-loaded\");\n\t\t\t\t\t\t\t\t\tcarousel.find(\".owl-stage-outer\").children().unwrap();\n\t\t\t\t\t\t\t\t\tcarousel.owlCarousel(args);\n\t\t\t\t\t\t\t\t}\n\t\t\t\t\t\t\t});\n\t\t\t\t\t\t\t\n\t\t\t\t\t\t\t\/* Show once loaded *\/\n\t\t\t\t\t\t\tfunction showCarousel_7777() {\n\t\t\t\t\t\t\t\tcarousel.fadeTo(0,1);\n\t\t\t\t\t\t\t\t$(\"#img_carousel_7777 .owl-item .boc_owl_lazy\").css(\"opacity\",\"1\");\n\t\t\t\t\t\t\t}\n\t\t\t\t\t\t});\n\t\t\t\t\t\t\n\t\t\t\t\t<\/script>\n\t\t\t\t\t<!-- Image Slider :: END -->[\/vc_column][\/vc_row]<\/p>\n<\/section>","protected":false},"excerpt":{"rendered":"<p>[vc_row][vc_column][\/vc_column][\/vc_row][vc_row][vc_column parallax=&#8221;content-moving&#8221; width=&#8221;1\/4&#8243;][vc_single_image img_size=&#8221;medium&#8221; image=&#8221;2697&#8243;][\/vc_column][vc_column width=&#8221;3\/4&#8243;][\/vc_column][\/vc_row][vc_row][vc_column][\/vc_column][\/vc_row][vc_row][vc_column width=&#8221;5\/6&#8243;][vc_column_text] \u00a1\u00a1Contrata el pack ahora y empeza a disfrutar del mejor contenido premium en calidad HD!! [\/vc_column_text][\/vc_column][vc_column width=&#8221;1\/6&#8243;][\/vc_column][\/vc_row][vc_row][vc_column][\/vc_column][\/vc_row]<\/p>\n","protected":false},"author":1,"featured_media":0,"parent":0,"menu_order":0,"comment_status":"closed","ping_status":"closed","template":"","meta":{"footnotes":""},"class_list":["post-1665","page","type-page","status-publish","hentry"],"_links":{"self":[{"href":"https:\/\/www.ncoop.com.ar\/index.php\/wp-json\/wp\/v2\/pages\/1665","targetHints":{"allow":["GET"]}}],"collection":[{"href":"https:\/\/www.ncoop.com.ar\/index.php\/wp-json\/wp\/v2\/pages"}],"about":[{"href":"https:\/\/www.ncoop.com.ar\/index.php\/wp-json\/wp\/v2\/types\/page"}],"author":[{"embeddable":true,"href":"https:\/\/www.ncoop.com.ar\/index.php\/wp-json\/wp\/v2\/users\/1"}],"replies":[{"embeddable":true,"href":"https:\/\/www.ncoop.com.ar\/index.php\/wp-json\/wp\/v2\/comments?post=1665"}],"version-history":[{"count":61,"href":"https:\/\/www.ncoop.com.ar\/index.php\/wp-json\/wp\/v2\/pages\/1665\/revisions"}],"predecessor-version":[{"id":2871,"href":"https:\/\/www.ncoop.com.ar\/index.php\/wp-json\/wp\/v2\/pages\/1665\/revisions\/2871"}],"wp:attachment":[{"href":"https:\/\/www.ncoop.com.ar\/index.php\/wp-json\/wp\/v2\/media?parent=1665"}],"curies":[{"name":"wp","href":"https:\/\/api.w.org\/{rel}","templated":true}]}}