{"id":1566,"date":"2020-09-17T11:54:40","date_gmt":"2020-09-17T14:54:40","guid":{"rendered":"https:\/\/www.ncoop.com.ar\/?page_id=1566"},"modified":"2026-03-09T07:51:07","modified_gmt":"2026-03-09T10:51:07","slug":"pack-futbol","status":"publish","type":"page","link":"https:\/\/www.ncoop.com.ar\/index.php\/pack-futbol\/","title":{"rendered":"Pack Futbol"},"content":{"rendered":"<section class=\"wpb-content-wrapper\"><p>[vc_row full_width=&#8221;stretch_row_content&#8221; gap=&#8221;30&#8243; content_placement=&#8221;bottom&#8221; css_animation=&#8221;top-to-bottom&#8221; bg_type=&#8221;image&#8221; bg_image_new=&#8221;2797&#8243; bg_image_repeat=&#8221;no-repeat&#8221; bg_image_size=&#8221;contain&#8221; bg_img_attach=&#8221;fixed&#8221; bg_override=&#8221;full&#8221;][vc_column css_animation=&#8221;top-to-bottom&#8221; css=&#8221;.vc_custom_1752667675473{background-position: center !important;background-repeat: no-repeat !important;background-size: contain !important;border-radius: 30px !important;}&#8221;]<p class=\"boc_heading  center  boc_animate_when_almost_visible boc_fade-in\"  style=\"margin-bottom: 30px;margin-top: 35px;color: #333333;font-size: 70px;line-height: 1.7em;\"><span>\u3164\u3164\u3164\u3164\u3164\u3164\u3164\u3164\u3164\u3164\u3164\u3164\u3164\u3164\u3164\u3164\u3164\u3164\u3164\u3164\u3164\u3164\u3164\u3164\u3164\u3164\u3164\u3164\u3164\u3164\u3164\u3164\u3164\u3164\u3164\u3164\u3164<\/span><\/p>[\/vc_column][\/vc_row][vc_row parallax_content=&#8221;parallax_content_value&#8221; fadeout_row=&#8221;fadeout_row_value&#8221;][vc_column width=&#8221;1\/2&#8243; css=&#8221;.vc_custom_1600349280044{border-radius: 1px !important;}&#8221;]<div class=\"single_numbers_holder boc_anim_hidden  center centered_digits \"><div id=\"counter7204\" class=\"counter\">\n\t\t\t\t\t\t<input type=\"hidden\" class=\"counter_hidden\" data-end-nu=\"2\" name=\"counter7204-value\" value=\"\" \/>\n\t\t\t\t\t\t<div class=\"counter_desc\">Canales Exclusivos<\/div>\n\t\t\t\t\t<\/div><\/div>[\/vc_column][vc_column width=&#8221;1\/2&#8243;]<div class=\"single_numbers_holder boc_anim_hidden  center centered_digits \"><div id=\"counter6096\" class=\"counter\">\n\t\t\t\t\t\t<input type=\"hidden\" class=\"counter_hidden\" data-end-nu=\"15\" name=\"counter6096-value\" value=\"\" \/>\n\t\t\t\t\t\t<div class=\"counter_desc\">Partidos por Fecha<\/div>\n\t\t\t\t\t<\/div><\/div>[\/vc_column][\/vc_row][vc_row][vc_column]<div class=\"boc_spacing \" style=\"height: 20px\"><\/div>[\/vc_column][\/vc_row][vc_row][vc_column width=&#8221;1\/2&#8243;][vc_column_text]<\/p>\n<p><span style=\"font-family: verdana, geneva, sans-serif;\">Con el Pack F\u00fatbol vas a poder ver todos los partidos de cada fecha, y acceder a la programaci\u00f3n exclusiva de dos nuevos canales premium.<\/span>[\/vc_column_text][\/vc_column][vc_column width=&#8221;1\/2&#8243;][vc_column_text]<\/p>\n<h2 class=\"second-title aos-init aos-animate\" data-aos=\"fade-left\" data-aos-delay=\"200\" data-aos-once=\"true\"><span style=\"font-family: verdana, geneva, sans-serif;\">\u00a1Activalo hoy y comenz\u00e1 a disfrutar!<\/span><\/h2>\n<p>[\/vc_column_text]<a\thref=\"https:\/\/www.ncoop.com.ar\/index.php\/solicitud-pack-futbol\/\" \n\t\t\t\tclass=\"button btn_medium btn_theme_color btn_rounded btn_3d icon_pos_after btn_icon_anim_in  \"  target='_self'><span>\u00a1Activar!<\/span> <i class='icon icon-check-circle-o'><\/i> <\/a>[\/vc_column][vc_column]<div class=\"logo_gallery  left_border\"><div class=\"grid_holder  big_spacing\" id=\"img_gallery_dc79373599e5b16b8ff73b2b5f37354f\"><div class=\"col span_1_of_2 info_item isotope_element \">\n\t\t\t\t\t\t\t<div class=\"pic  img_hover_effect2\">\n\t\t\t\t\t\t<a href=\"javascript:void(0)\" style=\"cursor: default;\" >\n\t\t\t\t\t\t\t<img decoding=\"async\" src=\"https:\/\/www.ncoop.com.ar\/wp-content\/uploads\/2025\/05\/ESPN_Premium.png\" alt=\"\"\/>\n\t\t\t\t\t\t<\/a><\/div>\n\t\t\t\t\t<\/div><div class=\"col span_1_of_2 info_item isotope_element \">\n\t\t\t\t\t\t\t<div class=\"pic  img_hover_effect2\">\n\t\t\t\t\t\t<a href=\"javascript:void(0)\" style=\"cursor: default;\" >\n\t\t\t\t\t\t\t<img decoding=\"async\" src=\"https:\/\/www.ncoop.com.ar\/wp-content\/uploads\/2025\/05\/logo-tnt.png\" alt=\"\"\/>\n\t\t\t\t\t\t<\/a><\/div>\n\t\t\t\t\t<\/div><\/div><\/div>[\/vc_column][\/vc_row][vc_row][vc_column]<div class=\"boc_divider_holder\"><div class=\"boc_divider  \"  style=\"margin-top: 20px;margin-bottom: 20px;height: 1px;background: #eeeeee;\"><\/div><\/div><div class=\"boc_heading  al_left  \"  style=\"margin-bottom: 20px;margin-top: 0px;color: #333;\"><span> <strong>PREGUNTAS FRECUENTES<\/strong> <\/span><\/div><div class=\"boc_divider_holder\"><div class=\"boc_divider  \"  style=\"margin-top: 20px;margin-bottom: 20px;height: 1px;background: #eeeeee;\"><\/div><\/div><div class=\"boc_list_item  \" >\n\t\t\t\t\t<span class=\"li_icon normal  icon_solid\" style=\"background: #333333;\"><i class=\"icon icon-pin\" style=\"\"><\/i><\/span>\n\t\t\t\t\t<div class=\"boc_list_item_text normal\"><\/p>\n<div class=\"header-content\"><strong><span style=\"font-family: verdana, geneva, sans-serif;\">\u00bfQu\u00e9 es el Pack F\u00fatbol?<\/span><\/strong><\/div>\n<div class=\"v-expansion-panel-header__icon\"><span style=\"font-family: verdana, geneva, sans-serif;\">El Pack F\u00fatbol es el paquete que te permitir\u00e1 disfrutar de todos los partidos de la Liga Profesional de F\u00fatbol Argentina.<\/span><\/div>\n<p><\/div>\n\t\t\t\t   <\/div><div class=\"boc_spacing \" style=\"height: 10px\"><\/div><div class=\"boc_list_item  \" >\n\t\t\t\t\t<span class=\"li_icon normal  icon_solid\" style=\"background: #333333;\"><i class=\"icon icon-pin\" style=\"\"><\/i><\/span>\n\t\t\t\t\t<div class=\"boc_list_item_text normal\"><\/p>\n<div class=\"header-content\"><strong><span style=\"font-family: verdana, geneva, sans-serif;\">\u00bfQu\u00e9 incluye el Pack?<\/span><\/strong><\/div>\n<div class=\"v-expansion-panel-content\">\n<div class=\"v-expansion-panel-content__wrap\"><span style=\"font-family: verdana, geneva, sans-serif;\">El pack incorpora dos canales a la grilla b\u00e1sica: ESPN Premium, y TNT Sports, ambas se\u00f1ales en formato HD, las cuales transmitir\u00e1n los partidos de todas las fechas, y ademas contienen 24 horas de programaci\u00f3n deportiva exclusiva todos los d\u00edas.<\/span><\/div>\n<\/div>\n<p><\/div>\n\t\t\t\t   <\/div><div class=\"boc_spacing \" style=\"height: 10px\"><\/div><div class=\"boc_list_item  \" >\n\t\t\t\t\t<span class=\"li_icon normal  icon_solid\" style=\"background: #333333;\"><i class=\"icon icon-pin\" style=\"\"><\/i><\/span>\n\t\t\t\t\t<div class=\"boc_list_item_text normal\"><\/p>\n<div class=\"header-content\"><span style=\"font-family: verdana, geneva, sans-serif;\"><strong>\u00bfEl Pack Futbol es un producto basico o premium?<\/strong><\/span><\/div>\n<div class=\"v-expansion-panel-content\">\n<div class=\"v-expansion-panel-content__wrap\"><span style=\"font-family: verdana, geneva, sans-serif;\">El Pack Futbol es un producto premium, es decir, para acceder al mismo deber\u00e1s suscribirte y abonar un importe diferencial al del servicio b\u00e1sico que ya tenes contratado.<\/span><\/div>\n<\/div>\n<p><\/div>\n\t\t\t\t   <\/div><div class=\"boc_spacing \" style=\"height: 10px\"><\/div><div class=\"boc_list_item  \" >\n\t\t\t\t\t<span class=\"li_icon normal  icon_solid\" style=\"background: #333333;\"><i class=\"icon icon-pin\" style=\"\"><\/i><\/span>\n\t\t\t\t\t<div class=\"boc_list_item_text normal\"><\/p>\n<div class=\"header-content\"><strong><span style=\"font-family: verdana, geneva, sans-serif;\">\u00bfQue costo tiene el pack?<\/span><\/strong><\/div>\n<div class=\"v-expansion-panel-content\">\n<div class=\"v-expansion-panel-content__wrap\"><span style=\"font-family: verdana, geneva, sans-serif;\">El pack tiene un valor final de $22.910,00 mensuales. El mismo se incluir\u00e1 en tu factura mensual.<\/span><\/div>\n<\/div>\n<p><\/div>\n\t\t\t\t   <\/div><div class=\"boc_spacing \" style=\"height: 10px\"><\/div><div class=\"boc_list_item  \" >\n\t\t\t\t\t<span class=\"li_icon normal  icon_solid\" style=\"background: #333333;\"><i class=\"icon icon-pin\" style=\"\"><\/i><\/span>\n\t\t\t\t\t<div class=\"boc_list_item_text normal\"><\/p>\n<div class=\"header-content\"><span style=\"font-family: verdana, geneva, sans-serif;\"><strong>\u00bfComo lo contrato?<\/strong><\/span><\/div>\n<div class=\"v-expansion-panel-content\">\n<div class=\"v-expansion-panel-content__wrap\"><span style=\"font-family: verdana, geneva, sans-serif;\">Para contratar el Pack Futbol podes dirigirte a las oficinas administrativas o a trav\u00e9s de la pagina web de N-Coop HD.<\/span><\/div>\n<\/div>\n<p><\/div>\n\t\t\t\t   <\/div><div class=\"boc_spacing \" style=\"height: 10px\"><\/div><div class=\"boc_list_item  \" >\n\t\t\t\t\t<span class=\"li_icon normal  icon_solid\" style=\"background: #333333;\"><i class=\"icon icon-pin\" style=\"\"><\/i><\/span>\n\t\t\t\t\t<div class=\"boc_list_item_text normal\"><\/p>\n<div class=\"header-content\"><span style=\"font-family: verdana, geneva, sans-serif;\"><strong>\u00bfEn que canales se transmiten los partidos?<\/strong><\/span><\/div>\n<div class=\"v-expansion-panel-content\">\n<div class=\"v-expansion-panel-content__wrap\"><span style=\"font-family: verdana, geneva, sans-serif;\">Una vez activado el Pack, se habilitaran las se\u00f1ales 130 y 131 de la grilla N-Coop HD.<\/span><\/div>\n<\/div>\n<p><\/div>\n\t\t\t\t   <\/div><div class=\"boc_spacing \" style=\"height: 10px\"><\/div><div class=\"boc_list_item  \" >\n\t\t\t\t\t<span class=\"li_icon normal  icon_solid\" style=\"background: #333333;\"><i class=\"icon icon-pin\" style=\"\"><\/i><\/span>\n\t\t\t\t\t<div class=\"boc_list_item_text normal\"><\/p>\n<div class=\"header-content\"><strong><span style=\"font-family: verdana, geneva, sans-serif;\">\u00bfTodo el <span style=\"font-family: verdana, geneva, sans-serif;\">f\u00fatbol<\/span>\u00a0se transmite a <span style=\"font-family: verdana, geneva, sans-serif;\">trav\u00e9s<\/span>\u00a0del Pack Futbol?<\/span><\/strong><\/div>\n<div><span style=\"font-family: verdana, geneva, sans-serif;\">Para ver los partidos de la selecci\u00f3n nacional, f\u00fatbol sudamericano o europeo no es necesario contratar el Pack Futbol. A trav\u00e9s del pack solo se emitir\u00e1n los partidos de la Liga Profesional de F\u00fatbol Argentina.<\/span><\/div>\n<p><\/div>\n\t\t\t\t   <\/div><div class=\"text_box  box_no_bgr \"><div class=\"text_box_content \"><h2><\/h2>\n\t\t\t\t\t<p><\/p>\n\t\t\t\t<\/div><\/div>[\/vc_column][\/vc_row]<\/p>\n<\/section>","protected":false},"excerpt":{"rendered":"<p>[vc_row full_width=&#8221;stretch_row_content&#8221; gap=&#8221;30&#8243; content_placement=&#8221;bottom&#8221; css_animation=&#8221;top-to-bottom&#8221; bg_type=&#8221;image&#8221; bg_image_new=&#8221;2797&#8243; bg_image_repeat=&#8221;no-repeat&#8221; bg_image_size=&#8221;contain&#8221; bg_img_attach=&#8221;fixed&#8221; bg_override=&#8221;full&#8221;][vc_column css_animation=&#8221;top-to-bottom&#8221; css=&#8221;.vc_custom_1752667675473{background-position: center !important;background-repeat: no-repeat !important;background-size: contain !important;border-radius: 30px !important;}&#8221;][\/vc_column][\/vc_row][vc_row parallax_content=&#8221;parallax_content_value&#8221; fadeout_row=&#8221;fadeout_row_value&#8221;][vc_column width=&#8221;1\/2&#8243; css=&#8221;.vc_custom_1600349280044{border-radius: 1px !important;}&#8221;][\/vc_column][vc_column width=&#8221;1\/2&#8243;][\/vc_column][\/vc_row][vc_row][vc_column][\/vc_column][\/vc_row][vc_row][vc_column width=&#8221;1\/2&#8243;][vc_column_text] Con el Pack F\u00fatbol vas a poder ver todos los partidos de cada fecha, y acceder a la programaci\u00f3n exclusiva de dos nuevos canales premium.[\/vc_column_text][\/vc_column][vc_column width=&#8221;1\/2&#8243;][vc_column_text] \u00a1Activalo hoy y comenz\u00e1 a<\/p>\n<div class=\"h10\"><\/div>\n<p><a class=\"more-link1\" href=\"https:\/\/www.ncoop.com.ar\/index.php\/pack-futbol\/\">Read more<\/a><\/p>\n","protected":false},"author":1,"featured_media":2797,"parent":0,"menu_order":0,"comment_status":"closed","ping_status":"closed","template":"","meta":{"footnotes":""},"class_list":["post-1566","page","type-page","status-publish","has-post-thumbnail","hentry"],"_links":{"self":[{"href":"https:\/\/www.ncoop.com.ar\/index.php\/wp-json\/wp\/v2\/pages\/1566","targetHints":{"allow":["GET"]}}],"collection":[{"href":"https:\/\/www.ncoop.com.ar\/index.php\/wp-json\/wp\/v2\/pages"}],"about":[{"href":"https:\/\/www.ncoop.com.ar\/index.php\/wp-json\/wp\/v2\/types\/page"}],"author":[{"embeddable":true,"href":"https:\/\/www.ncoop.com.ar\/index.php\/wp-json\/wp\/v2\/users\/1"}],"replies":[{"embeddable":true,"href":"https:\/\/www.ncoop.com.ar\/index.php\/wp-json\/wp\/v2\/comments?post=1566"}],"version-history":[{"count":153,"href":"https:\/\/www.ncoop.com.ar\/index.php\/wp-json\/wp\/v2\/pages\/1566\/revisions"}],"predecessor-version":[{"id":3686,"href":"https:\/\/www.ncoop.com.ar\/index.php\/wp-json\/wp\/v2\/pages\/1566\/revisions\/3686"}],"wp:featuredmedia":[{"embeddable":true,"href":"https:\/\/www.ncoop.com.ar\/index.php\/wp-json\/wp\/v2\/media\/2797"}],"wp:attachment":[{"href":"https:\/\/www.ncoop.com.ar\/index.php\/wp-json\/wp\/v2\/media?parent=1566"}],"curies":[{"name":"wp","href":"https:\/\/api.w.org\/{rel}","templated":true}]}}